{"id":2222,"date":"2023-10-05T10:12:35","date_gmt":"2023-10-05T08:12:35","guid":{"rendered":"https:\/\/leading2030.eu\/e-learning\/"},"modified":"2024-05-21T15:52:46","modified_gmt":"2024-05-21T13:52:46","slug":"e-learning","status":"publish","type":"page","link":"https:\/\/leading2030.eu\/de\/e-learning\/","title":{"rendered":"e-Learning"},"content":{"rendered":"<div>\n<p>Willkommen im E-Learning-Bereich des LEADING 2030 WebHub! Egal, ob Sie eine F\u00fchrungskraft aus der Wirtschaft, ein Vertreter einer Wirtschaftsorganisation, ein Berater oder ein Berufsbildungsexperte sind, auf dieser Plattform k\u00f6nnen Sie zahlreiche Bildungsressourcen finden, abrufen und nutzen, um Ihre Reise in Richtung nachhaltige Entwicklung zu beschleunigen. Unternehmensleiter und Organisationen haben Zugang zum LEADING 2030 Practice Principles Framework sowie zu den 9 thematischen MOOCs und den LEADING 2030 StoryMaps, w\u00e4hrend Berater und Fachkr\u00e4fte der beruflichen Bildung das LEADING 2030 Upskilling Programme nutzen k\u00f6nnen.<\/p>\n<p>Erfahren Sie mehr, indem Sie das Profil und die Ressourcen ausw\u00e4hlen, die am besten zu Ihnen passen.<\/p>\n<\/div>\n<div>\n<\/div>\n<p><!--more--><br \/>\n<!-- {\"type\":\"layout\",\"children\":[{\"type\":\"section\",\"props\":{\"animation\":\"fade\",\"animation_delay\":\"100\",\"image_position\":\"center-center\",\"padding_remove_bottom\":false,\"padding_remove_horizontal\":false,\"padding_remove_top\":false,\"style\":\"default\",\"title_breakpoint\":\"xl\",\"title_position\":\"top-left\",\"title_rotation\":\"left\",\"vertical_align\":\"middle\",\"width\":\"default\"},\"children\":[{\"type\":\"row\",\"children\":[{\"type\":\"column\",\"props\":{\"image_position\":\"center-center\",\"media_overlay_gradient\":\"\",\"position_sticky_breakpoint\":\"m\"},\"children\":[{\"type\":\"breadcrumbs\",\"props\":{\"margin_remove_bottom\":true,\"show_current\":true,\"show_home\":true}},{\"type\":\"headline\",\"props\":{\"margin\":\"default\",\"margin_remove_top\":false,\"text_align\":\"left\",\"title_color\":\"primary\",\"title_element\":\"h1\"},\"source\":{\"query\":{\"name\":\"pages.singlePage\"},\"props\":{\"content\":{\"filters\":{\"search\":\"\"},\"name\":\"title\"}}}},{\"type\":\"text\",\"props\":{\"column_breakpoint\":\"m\",\"content\":\"\n\n<p>Willkommen im E-Learning-Bereich des LEADING 2030 WebHub! Egal, ob Sie eine F\\u00fchrungskraft aus der Wirtschaft, ein Vertreter einer Wirtschaftsorganisation, ein Berater oder ein Berufsbildungsexperte sind, auf dieser Plattform k\\u00f6nnen Sie zahlreiche Bildungsressourcen finden, abrufen und nutzen, um Ihre Reise in Richtung nachhaltige Entwicklung zu beschleunigen. Unternehmensleiter und Organisationen haben Zugang zum LEADING 2030 Practice Principles Framework sowie zu den 9 thematischen MOOCs und den LEADING 2030 StoryMaps, w\\u00e4hrend Berater und Fachkr\\u00e4fte der beruflichen Bildung das LEADING 2030 Upskilling Programme nutzen k\\u00f6nnen.<\\\/p>\\n\n\n<p>Erfahren Sie mehr, indem Sie das Profil und die Ressourcen ausw\\u00e4hlen, die am besten zu Ihnen passen.<\\\/p>\",\"margin\":\"medium\",\"margin_remove_top\":false,\"text_align\":\"left\"}}]}]}],\"name\":\"e-Learning \"},{\"type\":\"section\",\"props\":{\"animation\":\"slide-bottom-medium\",\"animation_delay\":\"300\",\"height\":\"percent\",\"image_position\":\"center-center\",\"padding\":\"large\",\"padding_remove_bottom\":false,\"padding_remove_top\":true,\"style\":\"default\",\"title_breakpoint\":\"xl\",\"title_position\":\"top-left\",\"title_rotation\":\"left\",\"vertical_align\":\"\",\"width\":\"default\"},\"children\":[{\"type\":\"row\",\"children\":[{\"type\":\"column\",\"props\":{\"image_position\":\"center-center\",\"media_overlay_gradient\":\"\",\"position_sticky_breakpoint\":\"m\",\"vertical_align\":\"middle\"},\"children\":[{\"type\":\"grid\",\"props\":{\"block_align\":\"center\",\"class\":\"cardet-course-grid\",\"content_column_breakpoint\":\"m\",\"filter_align\":\"left\",\"filter_all\":true,\"filter_grid_breakpoint\":\"m\",\"filter_grid_width\":\"auto\",\"filter_position\":\"top\",\"filter_style\":\"tab\",\"grid_column_align\":true,\"grid_column_gap\":\"small\",\"grid_default\":\"1\",\"grid_large\":\"2\",\"grid_medium\":\"2\",\"grid_row_align\":true,\"grid_row_gap\":\"large\",\"grid_small\":\"2\",\"grid_xlarge\":\"2\",\"icon_width\":80,\"image_align\":\"top\",\"image_grid_breakpoint\":\"m\",\"image_grid_width\":\"1-2\",\"image_link\":true,\"image_svg_color\":\"emphasis\",\"image_transition_border\":false,\"item_animation\":true,\"item_maxwidth\":\"large\",\"link_fullwidth\":true,\"link_margin\":\"small\",\"link_style\":\"secondary\",\"link_text\":\"\",\"margin\":\"default\",\"meta_align\":\"below-title\",\"meta_element\":\"div\",\"meta_style\":\"text-meta\",\"panel_link\":true,\"panel_padding\":\"small\",\"show_content\":true,\"show_image\":true,\"show_link\":true,\"show_meta\":true,\"show_title\":true,\"text_align\":\"center\",\"title_align\":\"top\",\"title_element\":\"h3\",\"title_grid_breakpoint\":\"m\",\"title_grid_width\":\"1-2\",\"title_hover_style\":\"reset\",\"title_link\":true},\"children\":[{\"type\":\"grid_item\",\"source\":{\"query\":{\"name\":\"sfwdCoursess.customSfwdCoursess\",\"arguments\":{\"terms\":[],\"ld_course_category_operator\":\"IN\",\"ld_course_tag_operator\":\"IN\",\"users\":[],\"users_operator\":\"IN\",\"offset\":0,\"limit\":10,\"order\":\"date\",\"order_direction\":\"DESC\"}},\"props\":{\"content\":{\"filters\":{\"search\":\"\"},\"arguments\":{\"show_intro_text\":true},\"name\":\"content\"},\"image\":{\"filters\":{\"search\":\"\"},\"name\":\"featuredImage.url\"},\"link\":{\"filters\":{\"search\":\"\"},\"name\":\"link\"},\"link_text\":{\"filters\":{\"search\":\"\"},\"name\":\"title\"}}}}]}]}],\"props\":{\"column_gap\":\"collapse\",\"margin\":\"default\",\"match\":true,\"width\":\"xsmall\"}}],\"name\":\"Courses\"}],\"version\":\"3.0.10\"} --><\/p>\n","protected":false},"excerpt":{"rendered":"<p>Willkommen im E-Learning-Bereich des LEADING 2030 WebHub! Egal, ob Sie eine F\u00fchrungskraft aus der Wirtschaft, ein Vertreter einer Wirtschaftsorganisation, ein Berater oder ein Berufsbildungsexperte sind,..<\/p>\n","protected":false},"author":1,"featured_media":0,"parent":0,"menu_order":0,"comment_status":"closed","ping_status":"closed","template":"","meta":{"_acf_changed":false,"footnotes":""},"class_list":["post-2222","page","type-page","status-publish","hentry"],"acf":[],"_links":{"self":[{"href":"https:\/\/leading2030.eu\/de\/wp-json\/wp\/v2\/pages\/2222","targetHints":{"allow":["GET"]}}],"collection":[{"href":"https:\/\/leading2030.eu\/de\/wp-json\/wp\/v2\/pages"}],"about":[{"href":"https:\/\/leading2030.eu\/de\/wp-json\/wp\/v2\/types\/page"}],"author":[{"embeddable":true,"href":"https:\/\/leading2030.eu\/de\/wp-json\/wp\/v2\/users\/1"}],"replies":[{"embeddable":true,"href":"https:\/\/leading2030.eu\/de\/wp-json\/wp\/v2\/comments?post=2222"}],"version-history":[{"count":2,"href":"https:\/\/leading2030.eu\/de\/wp-json\/wp\/v2\/pages\/2222\/revisions"}],"predecessor-version":[{"id":2910,"href":"https:\/\/leading2030.eu\/de\/wp-json\/wp\/v2\/pages\/2222\/revisions\/2910"}],"wp:attachment":[{"href":"https:\/\/leading2030.eu\/de\/wp-json\/wp\/v2\/media?parent=2222"}],"curies":[{"name":"wp","href":"https:\/\/api.w.org\/{rel}","templated":true}]}}