{"id":2815,"date":"2022-11-14T10:30:01","date_gmt":"2022-11-14T08:30:01","guid":{"rendered":"https:\/\/leading2030.eu\/registration\/"},"modified":"2024-05-24T11:12:51","modified_gmt":"2024-05-24T09:12:51","slug":"registration","status":"publish","type":"page","link":"https:\/\/leading2030.eu\/es\/registration\/","title":{"rendered":"Registro"},"content":{"rendered":"<div class=\"learndash-wrap\">\n\t<div class=\"learndash-wrapper\">\n\n\t<div id=\"learndash-registration-wrapper\" >\n\n\t\n\t<p class=\"registration-login\">Ya tienes una cuenta? <a class=\"registration-login-link\" href=\"\">Iniciar sesi\u00f3n\n<\/a><\/p><div class=\"registration-login-form\" style=\"display: none;\"><form name=\"loginform\" id=\"loginform\" action=\"https:\/\/leading2030.eu\/es\/wp-login.php\" method=\"post\"><input id=\"learndash-login-form\" type=\"hidden\" name=\"learndash-login-form\" value=\"e6128a6b70\" \/><p class=\"login-username\">\n\t\t\t\t<label for=\"user_login\">Nombre de usuario o correo electr\u00f3nico<\/label>\n\t\t\t\t<input type=\"text\" name=\"log\" id=\"user_login\" autocomplete=\"username\" class=\"input\" value=\"\" size=\"20\" \/>\n\t\t\t<\/p><p class=\"login-password\">\n\t\t\t\t<label for=\"user_pass\">Contrase\u00f1a<\/label>\n\t\t\t\t<input type=\"password\" name=\"pwd\" id=\"user_pass\" autocomplete=\"current-password\" spellcheck=\"false\" class=\"input\" value=\"\" size=\"20\" \/>\n\t\t\t<\/p><p class=\"login-remember\"><label><input name=\"rememberme\" type=\"checkbox\" id=\"rememberme\" value=\"forever\" \/> Recu\u00e9rdame<\/label><\/p><p class=\"login-submit\">\n\t\t\t\t<input type=\"submit\" name=\"wp-submit\" id=\"wp-submit\" class=\"button button-primary\" value=\"Acceder\" \/>\n\t\t\t\t<input type=\"hidden\" name=\"redirect_to\" value=\"https:\/\/leading2030.eu\/registration\/\" \/>\n\t\t\t<\/p><\/form><\/div><p class=\"show-password-reset-link\" style=\"display: none;\">\u00bfHas olvidado la contrase\u00f1a? <a href=\"https:\/\/leading2030.eu\/reset-password\/\">Click here to reset it.<\/a><\/p><p class=\"show-register-form\" style=\"display: none;\"><a href=\"\">Show registration form<\/a><\/p>\t\t\t\t<form name=\"learndash_registerform\" id=\"learndash_registerform\" class=\"ldregister\" action=\"https:\/\/leading2030.eu\/es\/wp-login.php?action=register\" method=\"post\">\n\t\t\t\t<p class=\"learndash-registration-field learndash-registration-field-username learndash-required\"><label for=\"username\">Nombre de usuario\n <span class=\"learndash-required-field\">*<\/span><\/label>\n\t\t\t\t\t\t<input aria-required=&quot;true&quot; type=\"text\" id=\"username\" name=\"user_login\" value=\"\" \/><\/p><p class=\"learndash-registration-field learndash-registration-field-email learndash-required\"><label for=\"email\">Correo electr\u00f3nico\n <span class=\"learndash-required-field\">*<\/span><\/label>\n\t\t\t\t\t\t<input aria-required=&quot;true&quot; type=\"text\" id=\"email\" name=\"user_email\" value=\"\" \/><\/p><p class=\"learndash-registration-field learndash-registration-field-first_name learndash-required\"><label for=\"first_name\">Nombre de pila\n <span class=\"learndash-required-field\">*<\/span><\/label>\n\t\t\t\t\t\t<input aria-required=&quot;true&quot; type=\"text\" id=\"first_name\" name=\"first_name\" value=\"\" \/><\/p><p class=\"learndash-registration-field learndash-registration-field-last_name learndash-required\"><label for=\"last_name\">Apellidos\n <span class=\"learndash-required-field\">*<\/span><\/label>\n\t\t\t\t\t\t<input aria-required=&quot;true&quot; type=\"text\" id=\"last_name\" name=\"last_name\" value=\"\" \/><\/p><p class=\"learndash-registration-field learndash-registration-field-password learndash-required\"><label for=\"password\">Contrase\u00f1a\n <span class=\"learndash-required-field\">*<\/span><\/label>\n\t\t\t\t\t\t<input aria-required=&quot;true&quot; type=\"password\" id=\"password\" name=\"password\" value=\"\" \/><\/p><p class=\"learndash-registration-field learndash-registration-field-confirmpassword learndash-required\"><label for=\"confirm_password\">Confirmar contrase\u00f1a\n <span class=\"learndash-required-field\">*<\/span><\/label><input aria-required=&quot;true&quot; type=\"password\" id=\"confirm_password\" name=\"confirm_password\" \/><\/p>\t<div id=\"acf-form-data\" class=\"acf-hidden\">\n\t\t<input type=\"hidden\" id=\"_acf_screen\" name=\"_acf_screen\" value=\"user\"\/><input type=\"hidden\" id=\"_acf_post_id\" name=\"_acf_post_id\" value=\"user_0\"\/><input type=\"hidden\" id=\"_acf_validation\" name=\"_acf_validation\" value=\"0\"\/><input type=\"hidden\" id=\"_acf_nonce\" name=\"_acf_nonce\" value=\"ec90380c8a\"\/><input type=\"hidden\" id=\"_acf_changed\" name=\"_acf_changed\" value=\"0\"\/>\t<\/div>\n\t<h2>User Fields<\/h2><div class=\"acf-user-register-fields acf-fields -clear\"><div class=\"acf-field acf-field-country acf-field-63722e70c035f is-required\" data-name=\"user_country\" data-type=\"country\" data-key=\"field_63722e70c035f\" data-required=\"1\">\n<div class=\"acf-label\">\n<label for=\"acf-field_63722e70c035f\">Country <span class=\"acf-required\">*<\/span><\/label><\/div>\n<div class=\"acf-input\">\n<input type=\"hidden\" id=\"acf-field_63722e70c035f-input\" name=\"acf[field_63722e70c035f]\"\/><select id=\"acf-field_63722e70c035f\" class=\"\" name=\"acf[field_63722e70c035f]\" data-ui=\"1\" data-ajax=\"0\" data-multiple=\"0\" data-placeholder=\"Select a country\" data-allow_null=\"0\"><option value=\"AF\">Afganist\u00e1n<\/option><option value=\"AL\">Albania<\/option><option value=\"DE\">Alemania<\/option><option value=\"AD\">Andorra<\/option><option value=\"AO\">Angola<\/option><option value=\"AI\">Anguila<\/option><option value=\"AQ\">Ant\u00e1rtida<\/option><option value=\"AG\">Antigua y Barbuda<\/option><option value=\"SA\">Arabia Saud\u00ed<\/option><option value=\"DZ\">Argelia<\/option><option value=\"AR\">Argentina<\/option><option value=\"AM\">Armenia<\/option><option value=\"AW\">Aruba<\/option><option value=\"AU\">Australia<\/option><option value=\"AT\">Austria<\/option><option value=\"AZ\">Azerbaiy\u00e1n<\/option><option value=\"BS\">Bahamas<\/option><option value=\"BD\">Banglad\u00e9s<\/option><option value=\"BB\">Barbados<\/option><option value=\"BH\">Bar\u00e9in<\/option><option value=\"BE\">B\u00e9lgica<\/option><option value=\"BZ\">Belice<\/option><option value=\"BJ\">Ben\u00edn<\/option><option value=\"BM\">Bermudas<\/option><option value=\"BY\">Bielorrusia<\/option><option value=\"BO\">Bolivia<\/option><option value=\"BA\">Bosnia y Herzegovina<\/option><option value=\"BW\">Botsuana<\/option><option value=\"BR\">Brasil<\/option><option value=\"BN\">Brun\u00e9i<\/option><option value=\"BG\">Bulgaria<\/option><option value=\"BF\">Burkina Faso<\/option><option value=\"BI\">Burundi<\/option><option value=\"BT\">But\u00e1n<\/option><option value=\"CV\">Cabo Verde<\/option><option value=\"KH\">Camboya<\/option><option value=\"CM\">Camer\u00fan<\/option><option value=\"CA\">Canad\u00e1<\/option><option value=\"IC\">Canarias<\/option><option value=\"BQ\">Caribe neerland\u00e9s<\/option><option value=\"QA\">Catar<\/option><option value=\"EA\">Ceuta y Melilla<\/option><option value=\"TD\">Chad<\/option><option value=\"CZ\">Chequia<\/option><option value=\"CL\">Chile<\/option><option value=\"CN\">China<\/option><option value=\"CY\">Chipre<\/option><option value=\"VA\">Ciudad del Vaticano<\/option><option value=\"CO\">Colombia<\/option><option value=\"KM\">Comoras<\/option><option value=\"CG\">Congo<\/option><option value=\"KP\">Corea del Norte<\/option><option value=\"KR\">Corea del Sur<\/option><option value=\"CR\">Costa Rica<\/option><option value=\"CI\">C\u00f4te d\u2019Ivoire<\/option><option value=\"HR\">Croacia<\/option><option value=\"CU\">Cuba<\/option><option value=\"CW\">Curazao<\/option><option value=\"DG\">Diego Garc\u00eda<\/option><option value=\"DK\">Dinamarca<\/option><option value=\"DM\">Dominica<\/option><option value=\"EC\">Ecuador<\/option><option value=\"EG\">Egipto<\/option><option value=\"SV\">El Salvador<\/option><option value=\"AE\">Emiratos \u00c1rabes Unidos<\/option><option value=\"ER\">Eritrea<\/option><option value=\"SK\">Eslovaquia<\/option><option value=\"SI\">Eslovenia<\/option><option value=\"ES\">Espa\u00f1a<\/option><option value=\"US\">Estados Unidos<\/option><option value=\"EE\">Estonia<\/option><option value=\"SZ\">Esuatini<\/option><option value=\"ET\">Etiop\u00eda<\/option><option value=\"PH\">Filipinas<\/option><option value=\"FI\">Finlandia<\/option><option value=\"FJ\">Fiyi<\/option><option value=\"FR\">Francia<\/option><option value=\"GA\">Gab\u00f3n<\/option><option value=\"GM\">Gambia<\/option><option value=\"GE\">Georgia<\/option><option value=\"GH\">Ghana<\/option><option value=\"GI\">Gibraltar<\/option><option value=\"GD\">Granada<\/option><option value=\"GR\">Grecia<\/option><option value=\"GL\">Groenlandia<\/option><option value=\"GP\">Guadalupe<\/option><option value=\"GU\">Guam<\/option><option value=\"GT\">Guatemala<\/option><option value=\"GF\">Guayana Francesa<\/option><option value=\"GG\">Guernsey<\/option><option value=\"GN\">Guinea<\/option><option value=\"GQ\">Guinea Ecuatorial<\/option><option value=\"GW\">Guinea-Bis\u00e1u<\/option><option value=\"GY\">Guyana<\/option><option value=\"HT\">Hait\u00ed<\/option><option value=\"HN\">Honduras<\/option><option value=\"HU\">Hungr\u00eda<\/option><option value=\"IN\">India<\/option><option value=\"ID\">Indonesia<\/option><option value=\"IQ\">Irak<\/option><option value=\"IR\">Ir\u00e1n<\/option><option value=\"IE\">Irlanda<\/option><option value=\"AC\">Isla de la Ascensi\u00f3n<\/option><option value=\"IM\">Isla de Man<\/option><option value=\"CX\">Isla de Navidad<\/option><option value=\"NF\">Isla Norfolk<\/option><option value=\"IS\">Islandia<\/option><option value=\"AX\">Islas \u00c5land<\/option><option value=\"KY\">Islas Caim\u00e1n<\/option><option value=\"CC\">Islas Cocos<\/option><option value=\"CK\">Islas Cook<\/option><option value=\"FO\">Islas Feroe<\/option><option value=\"GS\">Islas Georgia del Sur y Sandwich del Sur<\/option><option value=\"FK\">Islas Malvinas<\/option><option value=\"MP\">Islas Marianas del Norte<\/option><option value=\"MH\">Islas Marshall<\/option><option value=\"UM\">Islas menores alejadas de EE. UU.<\/option><option value=\"PN\">Islas Pitcairn<\/option><option value=\"SB\">Islas Salom\u00f3n<\/option><option value=\"TC\">Islas Turcas y Caicos<\/option><option value=\"VG\">Islas V\u00edrgenes Brit\u00e1nicas<\/option><option value=\"VI\">Islas V\u00edrgenes de EE. UU.<\/option><option value=\"IL\">Israel<\/option><option value=\"IT\">Italia<\/option><option value=\"JM\">Jamaica<\/option><option value=\"JP\">Jap\u00f3n<\/option><option value=\"JE\">Jersey<\/option><option value=\"JO\">Jordania<\/option><option value=\"KZ\">Kazajist\u00e1n<\/option><option value=\"KE\">Kenia<\/option><option value=\"KG\">Kirguist\u00e1n<\/option><option value=\"KI\">Kiribati<\/option><option value=\"XK\">Kosovo<\/option><option value=\"KW\">Kuwait<\/option><option value=\"LA\">Laos<\/option><option value=\"LS\">Lesoto<\/option><option value=\"LV\">Letonia<\/option><option value=\"LB\">L\u00edbano<\/option><option value=\"LR\">Liberia<\/option><option value=\"LY\">Libia<\/option><option value=\"LI\">Liechtenstein<\/option><option value=\"LT\">Lituania<\/option><option value=\"LU\">Luxemburgo<\/option><option value=\"MK\">Macedonia<\/option><option value=\"MG\">Madagascar<\/option><option value=\"MY\">Malasia<\/option><option value=\"MW\">Malaui<\/option><option value=\"MV\">Maldivas<\/option><option value=\"ML\">Mali<\/option><option value=\"MT\">Malta<\/option><option value=\"MA\">Marruecos<\/option><option value=\"MQ\">Martinica<\/option><option value=\"MU\">Mauricio<\/option><option value=\"MR\">Mauritania<\/option><option value=\"YT\">Mayotte<\/option><option value=\"MX\">M\u00e9xico<\/option><option value=\"FM\">Micronesia<\/option><option value=\"MD\">Moldavia<\/option><option value=\"MC\">M\u00f3naco<\/option><option value=\"MN\">Mongolia<\/option><option value=\"ME\">Montenegro<\/option><option value=\"MS\">Montserrat<\/option><option value=\"MZ\">Mozambique<\/option><option value=\"MM\">Myanmar (Birmania)<\/option><option value=\"NA\">Namibia<\/option><option value=\"NR\">Nauru<\/option><option value=\"NP\">Nepal<\/option><option value=\"NI\">Nicaragua<\/option><option value=\"NE\">N\u00edger<\/option><option value=\"NG\">Nigeria<\/option><option value=\"NU\">Niue<\/option><option value=\"NO\">Noruega<\/option><option value=\"NC\">Nueva Caledonia<\/option><option value=\"NZ\">Nueva Zelanda<\/option><option value=\"OM\">Om\u00e1n<\/option><option value=\"NL\">Pa\u00edses Bajos<\/option><option value=\"PK\">Pakist\u00e1n<\/option><option value=\"PW\">Palaos<\/option><option value=\"PA\">Panam\u00e1<\/option><option value=\"PG\">Pap\u00faa Nueva Guinea<\/option><option value=\"PY\">Paraguay<\/option><option value=\"PE\">Per\u00fa<\/option><option value=\"PF\">Polinesia Francesa<\/option><option value=\"PL\">Polonia<\/option><option value=\"PT\">Portugal<\/option><option value=\"XA\">Pseudo-Accents<\/option><option value=\"XB\">Pseudo-Bidi<\/option><option value=\"PR\">Puerto Rico<\/option><option value=\"HK\">RAE de Hong Kong (China)<\/option><option value=\"MO\">RAE de Macao (China)<\/option><option value=\"GB\">Reino Unido<\/option><option value=\"CF\">Rep\u00fablica Centroafricana<\/option><option value=\"CD\">Rep\u00fablica Democr\u00e1tica del Congo<\/option><option value=\"DO\">Rep\u00fablica Dominicana<\/option><option value=\"RE\">Reuni\u00f3n<\/option><option value=\"RW\">Ruanda<\/option><option value=\"RO\">Ruman\u00eda<\/option><option value=\"RU\">Rusia<\/option><option value=\"EH\">S\u00e1hara Occidental<\/option><option value=\"WS\">Samoa<\/option><option value=\"AS\">Samoa Americana<\/option><option value=\"BL\">San Bartolom\u00e9<\/option><option value=\"KN\">San Crist\u00f3bal y Nieves<\/option><option value=\"SM\">San Marino<\/option><option value=\"MF\">San Mart\u00edn<\/option><option value=\"PM\">San Pedro y Miquel\u00f3n<\/option><option value=\"VC\">San Vicente y las Granadinas<\/option><option value=\"SH\">Santa Elena<\/option><option value=\"LC\">Santa Luc\u00eda<\/option><option value=\"ST\">Santo Tom\u00e9 y Pr\u00edncipe<\/option><option value=\"SN\">Senegal<\/option><option value=\"RS\">Serbia<\/option><option value=\"SC\">Seychelles<\/option><option value=\"SL\">Sierra Leona<\/option><option value=\"SG\">Singapur<\/option><option value=\"SX\">Sint Maarten<\/option><option value=\"SY\">Siria<\/option><option value=\"SO\">Somalia<\/option><option value=\"LK\">Sri Lanka<\/option><option value=\"ZA\">Sud\u00e1frica<\/option><option value=\"SD\">Sud\u00e1n<\/option><option value=\"SS\">Sud\u00e1n del Sur<\/option><option value=\"SE\">Suecia<\/option><option value=\"CH\">Suiza<\/option><option value=\"SR\">Surinam<\/option><option value=\"SJ\">Svalbard y Jan Mayen<\/option><option value=\"TH\">Tailandia<\/option><option value=\"TW\">Taiw\u00e1n<\/option><option value=\"TZ\">Tanzania<\/option><option value=\"TJ\">Tayikist\u00e1n<\/option><option value=\"IO\">Territorio Brit\u00e1nico del Oc\u00e9ano \u00cdndico<\/option><option value=\"TF\">Territorios Australes Franceses<\/option><option value=\"PS\">Territorios Palestinos<\/option><option value=\"TL\">Timor-Leste<\/option><option value=\"TG\">Togo<\/option><option value=\"TK\">Tokelau<\/option><option value=\"TO\">Tonga<\/option><option value=\"TT\">Trinidad y Tobago<\/option><option value=\"TA\">Trist\u00e1n de Acu\u00f1a<\/option><option value=\"TN\">T\u00fanez<\/option><option value=\"TM\">Turkmenist\u00e1n<\/option><option value=\"TR\">Turqu\u00eda<\/option><option value=\"TV\">Tuvalu<\/option><option value=\"UA\">Ucrania<\/option><option value=\"UG\">Uganda<\/option><option value=\"UY\">Uruguay<\/option><option value=\"UZ\">Uzbekist\u00e1n<\/option><option value=\"VU\">Vanuatu<\/option><option value=\"VE\">Venezuela<\/option><option value=\"VN\">Vietnam<\/option><option value=\"WF\">Wallis y Futuna<\/option><option value=\"YE\">Yemen<\/option><option value=\"DJ\">Yibuti<\/option><option value=\"ZM\">Zambia<\/option><option value=\"ZW\">Zimbabue<\/option><\/select><\/div>\n<\/div>\n<\/div>\t\t\t\t<input name=\"ld_register_id\" value=\"0\" type=\"hidden\" \/>\n\t\t\t\t<input type=\"hidden\" name=\"learndash-registration-form\" value=\"2163d683b0\" \/>\n\t\t\t\t<input type=\"hidden\" name=\"redirect_to\" value=\"https:\/\/leading2030.eu\/es\/registration\/?ld-registered=true&#038;ld_register_id=0\" \/>\n\t\t\t\t<p><input type=\"submit\" name=\"wp-submit\" id=\"wp-submit\" class=\"button button-primary button-large\" value=\"Reg\u00edstrate en\n\" \/><\/p>\n\t\t\t<\/form>\n\t\t\t\t<\/div><\/div><\/div>","protected":false},"excerpt":{"rendered":"","protected":false},"author":1,"featured_media":0,"parent":0,"menu_order":0,"comment_status":"closed","ping_status":"closed","template":"","meta":{"_acf_changed":false,"footnotes":""},"class_list":["post-2815","page","type-page","status-publish","hentry"],"acf":[],"_links":{"self":[{"href":"https:\/\/leading2030.eu\/es\/wp-json\/wp\/v2\/pages\/2815","targetHints":{"allow":["GET"]}}],"collection":[{"href":"https:\/\/leading2030.eu\/es\/wp-json\/wp\/v2\/pages"}],"about":[{"href":"https:\/\/leading2030.eu\/es\/wp-json\/wp\/v2\/types\/page"}],"author":[{"embeddable":true,"href":"https:\/\/leading2030.eu\/es\/wp-json\/wp\/v2\/users\/1"}],"replies":[{"embeddable":true,"href":"https:\/\/leading2030.eu\/es\/wp-json\/wp\/v2\/comments?post=2815"}],"version-history":[{"count":1,"href":"https:\/\/leading2030.eu\/es\/wp-json\/wp\/v2\/pages\/2815\/revisions"}],"predecessor-version":[{"id":3035,"href":"https:\/\/leading2030.eu\/es\/wp-json\/wp\/v2\/pages\/2815\/revisions\/3035"}],"wp:attachment":[{"href":"https:\/\/leading2030.eu\/es\/wp-json\/wp\/v2\/media?parent=2815"}],"curies":[{"name":"wp","href":"https:\/\/api.w.org\/{rel}","templated":true}]}}