{"id":2211,"date":"2022-11-14T12:06:33","date_gmt":"2022-11-14T10:06:33","guid":{"rendered":"https:\/\/leading2030.eu\/home\/"},"modified":"2025-02-18T15:30:55","modified_gmt":"2025-02-18T13:30:55","slug":"home","status":"publish","type":"page","link":"https:\/\/leading2030.eu\/et\/","title":{"rendered":"Kodu"},"content":{"rendered":"<h1>Tugevdada pandeemiaj\u00e4rgseid <br \/>\u00e4ritavasid s\u00e4\u00e4stva arengu<br \/>jaoks aastaks 2030<\/h1>\n<p><img decoding=\"async\" src=\"\/wp-content\/uploads\/2023\/10\/Home-page-img.svg\" alt=\"\"><br \/>\n<img decoding=\"async\" src=\"\/wp-content\/uploads\/2023\/10\/About-home-img.svg\" alt=\"\"><\/p>\n<h1>Teave<\/h1>\n<div>\n<p>\u00dcRO peasekret\u00e4r ja \u00dcRO \u00fclemaailmse kokkuleppe juhatuse esimees Ant\u00f3nio Guterres \u00fctles, et &#8220;n\u00fc\u00fcd on aeg suurendada \u00fclemaailmse \u00e4riringkonna panust tegevuskava 2030 elluviimisse&#8221;. Kuigi on tunnistatud, et viimase viie aasta jooksul on tehtud m\u00f5ningaid edusamme 17 s\u00e4\u00e4stva arengu eesm\u00e4rgi saavutamisel, peavad ettev\u00f5tted tegema palju rohkem, et kiirendada ettev\u00f5tete j\u00e4tkusuutlikkust ja vastutustundlikku \u00e4ritegevust. kultuurilisi, majanduslikke, haridus- ja koolitusega seotud takistusi.<\/p>\n<\/div>\n<p>\n    <a href=\"\/et\/about\/\">Loe edasi<\/a>\n<\/p>\n<h1>NEWS<\/h1>\n<div>\n<p><a href=\"\/news-item-title\/\"><\/a><\/p>\n<\/div>\n<p>\n    <a href=\"\/et\/category\/news-et\/\">View all Vaata k\u00f5iki uudiseid<\/a>\n<\/p>\n<p><!--more--><br \/>\n<!-- {\"type\":\"layout\",\"children\":[{\"type\":\"section\",\"props\":{\"animation\":\"fade\",\"animation_delay\":\"200\",\"image_position\":\"center-center\",\"padding\":\"small\",\"padding_remove_bottom\":false,\"padding_remove_top\":false,\"style\":\"default\",\"title_breakpoint\":\"xl\",\"title_position\":\"top-left\",\"title_rotation\":\"left\",\"vertical_align\":\"\",\"width\":\"default\"},\"children\":[{\"type\":\"row\",\"children\":[{\"type\":\"column\",\"props\":{\"image_position\":\"center-center\",\"position_sticky_breakpoint\":\"m\"},\"children\":[{\"type\":\"headline\",\"props\":{\"content\":\"Tugevdada pandeemiaj\\u00e4rgseid <br \\\/>\\u00e4ritavasid s\\u00e4\\u00e4stva arengu<br \\\/>jaoks aastaks 2030\",\"margin\":\"default\",\"margin_remove_bottom\":true,\"margin_remove_top\":true,\"position_bottom\":\"0\",\"text_align\":\"center\",\"title_color\":\"primary\",\"title_element\":\"h1\"}}]}]}],\"name\":\"Home Title \"},{\"type\":\"section\",\"props\":{\"animation\":\"fade\",\"image_position\":\"center-center\",\"padding\":\"xsmall\",\"padding_remove_bottom\":true,\"padding_remove_top\":false,\"style\":\"primary\",\"title_breakpoint\":\"xl\",\"title_position\":\"top-left\",\"title_rotation\":\"left\",\"vertical_align\":\"\",\"width\":\"default\"},\"children\":[{\"type\":\"row\",\"children\":[{\"type\":\"column\",\"props\":{\"image_position\":\"center-center\",\"position_sticky_breakpoint\":\"m\"},\"children\":[{\"type\":\"image\",\"props\":{\"animation\":\"fade\",\"class\":\"home-img1\",\"image\":\"wp-content\\\/uploads\\\/2023\\\/10\\\/Home-page-img.svg\",\"image_svg_color\":\"emphasis\",\"image_width\":450,\"margin\":\"default\",\"margin_remove_bottom\":false,\"margin_remove_top\":false,\"text_align\":\"center\"}}]}]}],\"name\":\"Home image\"},{\"type\":\"section\",\"props\":{\"animation\":\"slide-bottom-medium\",\"animation_delay\":\"260\",\"image_position\":\"center-center\",\"padding\":\"small\",\"style\":\"default\",\"title_breakpoint\":\"xl\",\"title_position\":\"top-left\",\"title_rotation\":\"left\",\"vertical_align\":\"\",\"width\":\"small\"},\"children\":[{\"type\":\"row\",\"props\":{\"layout\":\"2-5,3-5\"},\"children\":[{\"type\":\"column\",\"props\":{\"image_position\":\"center-center\",\"position_sticky_breakpoint\":\"m\",\"width_medium\":\"2-5\"},\"children\":[{\"type\":\"image\",\"props\":{\"block_align\":\"center\",\"class\":\"homeimg2\",\"container_padding_remove\":true,\"image\":\"wp-content\\\/uploads\\\/2023\\\/10\\\/About-home-img.svg\",\"image_svg_color\":\"emphasis\",\"image_width\":\"200\",\"margin\":\"default\",\"margin_remove_top\":false,\"maxwidth\":\"large\",\"position_right\":\"-150\",\"text_align\":\"center\"}}]},{\"type\":\"column\",\"props\":{\"image_position\":\"center-center\",\"position_sticky_breakpoint\":\"m\",\"width_medium\":\"3-5\"},\"children\":[{\"type\":\"headline\",\"props\":{\"content\":\"Teave\",\"title_color\":\"primary\",\"title_element\":\"h1\"}},{\"type\":\"text\",\"props\":{\"column_breakpoint\":\"m\",\"content\":\"\n\n<p>\\u00dcRO peasekret\\u00e4r ja \\u00dcRO \\u00fclemaailmse kokkuleppe juhatuse esimees Ant\\u00f3nio Guterres \\u00fctles, et \\\"n\\u00fc\\u00fcd on aeg suurendada \\u00fclemaailmse \\u00e4riringkonna panust tegevuskava 2030 elluviimisse\\\". Kuigi on tunnistatud, et viimase viie aasta jooksul on tehtud m\\u00f5ningaid edusamme 17 s\\u00e4\\u00e4stva arengu eesm\\u00e4rgi saavutamisel, peavad ettev\\u00f5tted tegema palju rohkem, et kiirendada ettev\\u00f5tete j\\u00e4tkusuutlikkust ja vastutustundlikku \\u00e4ritegevust. kultuurilisi, majanduslikke, haridus- ja koolitusega seotud takistusi.<\\\/p>\",\"margin\":\"default\"}},{\"type\":\"button\",\"props\":{\"animation\":\"fade\",\"class\":\"readmore-button\",\"grid_column_gap\":\"small\",\"grid_row_gap\":\"small\",\"margin\":\"medium\"},\"children\":[{\"type\":\"button_item\",\"props\":{\"button_style\":\"default\",\"content\":\"Loe edasi\",\"icon_align\":\"left\",\"link\":\"et\\\/about\\\/\"}}]}]}]}],\"name\":\"About \"},{\"type\":\"section\",\"props\":{\"animation\":\"fade\",\"animation_delay\":\"250\",\"image_position\":\"center-center\",\"padding\":\"small\",\"padding_remove_bottom\":false,\"padding_remove_top\":false,\"style\":\"primary\",\"title_breakpoint\":\"xl\",\"title_position\":\"top-left\",\"title_rotation\":\"left\",\"vertical_align\":\"\",\"width\":\"default\"},\"children\":[{\"type\":\"row\",\"children\":[{\"type\":\"column\",\"props\":{\"image_position\":\"center-center\",\"position_sticky_breakpoint\":\"m\"},\"children\":[{\"type\":\"headline\",\"props\":{\"content\":\"NEWS\",\"margin\":\"large\",\"margin_remove_top\":true,\"text_align\":\"center\",\"title_color\":\"emphasis\",\"title_element\":\"h1\"}},{\"type\":\"grid\",\"props\":{\"block_align\":\"center\",\"class\":\"newsgrid-homesec\",\"container_padding_remove\":false,\"content_align\":true,\"content_column_breakpoint\":\"m\",\"content_margin\":\"remove\",\"css\":\".el-content {\\n\\tcolor: #6c6d74;\\n}\",\"filter_align\":\"left\",\"filter_all\":true,\"filter_grid_breakpoint\":\"m\",\"filter_grid_width\":\"auto\",\"filter_position\":\"top\",\"filter_style\":\"tab\",\"grid_column_align\":true,\"grid_column_gap\":\"medium\",\"grid_default\":\"1\",\"grid_large\":\"3\",\"grid_medium\":\"3\",\"grid_row_align\":true,\"grid_row_gap\":\"large\",\"grid_xlarge\":\"3\",\"icon_width\":80,\"image_align\":\"top\",\"image_grid_breakpoint\":\"m\",\"image_grid_width\":\"large\",\"image_height\":\"150\",\"image_link\":true,\"image_svg_color\":\"emphasis\",\"image_transition_border\":false,\"item_animation\":true,\"lightbox\":false,\"link_style\":\"default\",\"link_text\":\"\",\"margin\":\"remove-vertical\",\"maxwidth\":\"large\",\"meta_align\":\"below-title\",\"meta_color\":\"warning\",\"meta_element\":\"div\",\"meta_style\":\"text-meta\",\"panel_image_no_padding\":false,\"panel_link\":true,\"panel_padding\":\"small\",\"show_content\":true,\"show_image\":true,\"show_link\":true,\"show_meta\":true,\"show_title\":true,\"text_align\":\"center\",\"title_align\":\"top\",\"title_color\":\"success\",\"title_element\":\"h3\",\"title_grid_breakpoint\":\"m\",\"title_grid_width\":\"large\",\"title_hover_style\":\"reset\",\"title_link\":true,\"title_margin\":\"medium\"},\"children\":[{\"type\":\"grid_item\",\"props\":{\"link\":\"news-item-title\\\/\",\"panel_style\":\"card-default\"},\"source\":{\"query\":{\"name\":\"posts.customPosts\",\"arguments\":{\"terms\":[17],\"category_operator\":\"IN\",\"post_tag_operator\":\"IN\",\"users\":[],\"users_operator\":\"IN\",\"offset\":0,\"limit\":3,\"order\":\"menu_order\",\"order_direction\":\"ASC\",\"category_include_children\":\"include\",\"order_alphanum\":true}},\"props\":{\"title\":{\"filters\":{\"search\":\"\"},\"name\":\"title\"},\"image\":{\"filters\":{\"search\":\"\"},\"name\":\"featuredImage.url\"}}}}]},{\"type\":\"button\",\"props\":{\"animation\":\"fade\",\"class\":\"viewallnews-button\",\"css\":\".el-content {\\n     border-radius:5px;\\n    background-color:#C6293C;\\n    color:#fff;\\n}\",\"grid_column_gap\":\"small\",\"grid_row_gap\":\"small\",\"margin\":\"large\",\"margin_remove_bottom\":true,\"margin_remove_top\":false,\"text_align\":\"center\"},\"children\":[{\"type\":\"button_item\",\"props\":{\"button_style\":\"default\",\"content\":\"View all Vaata k\\u00f5iki uudiseid\",\"icon_align\":\"left\",\"link\":\"et\\\/category\\\/news-et\\\/\"}}]}]}]},{\"type\":\"row\",\"children\":[{\"type\":\"column\",\"props\":{\"image_position\":\"center-center\",\"position_sticky_breakpoint\":\"m\"},\"children\":[{\"type\":\"totop\",\"props\":{\"margin\":\"default\",\"text_align\":\"center\",\"title_grid_column_gap\":\"small\",\"title_grid_row_gap\":\"small\"}}]}]}],\"name\":\"News Grid\"}],\"version\":\"4.4.10\"} --><\/p>\n","protected":false},"excerpt":{"rendered":"<p>Tugevdada pandeemiaj\u00e4rgseid \u00e4ritavasid s\u00e4\u00e4stva arengujaoks aastaks 2030 Teave \u00dcRO peasekret\u00e4r ja \u00dcRO \u00fclemaailmse kokkuleppe juhatuse esimees Ant\u00f3nio Guterres \u00fctles, et &#8220;n\u00fc\u00fcd on aeg suurendada \u00fclemaailmse..<\/p>\n","protected":false},"author":1,"featured_media":0,"parent":0,"menu_order":0,"comment_status":"closed","ping_status":"closed","template":"","meta":{"_acf_changed":false,"footnotes":""},"class_list":["post-2211","page","type-page","status-publish","hentry"],"acf":[],"_links":{"self":[{"href":"https:\/\/leading2030.eu\/et\/wp-json\/wp\/v2\/pages\/2211","targetHints":{"allow":["GET"]}}],"collection":[{"href":"https:\/\/leading2030.eu\/et\/wp-json\/wp\/v2\/pages"}],"about":[{"href":"https:\/\/leading2030.eu\/et\/wp-json\/wp\/v2\/types\/page"}],"author":[{"embeddable":true,"href":"https:\/\/leading2030.eu\/et\/wp-json\/wp\/v2\/users\/1"}],"replies":[{"embeddable":true,"href":"https:\/\/leading2030.eu\/et\/wp-json\/wp\/v2\/comments?post=2211"}],"version-history":[{"count":16,"href":"https:\/\/leading2030.eu\/et\/wp-json\/wp\/v2\/pages\/2211\/revisions"}],"predecessor-version":[{"id":4422,"href":"https:\/\/leading2030.eu\/et\/wp-json\/wp\/v2\/pages\/2211\/revisions\/4422"}],"wp:attachment":[{"href":"https:\/\/leading2030.eu\/et\/wp-json\/wp\/v2\/media?parent=2211"}],"curies":[{"name":"wp","href":"https:\/\/api.w.org\/{rel}","templated":true}]}}