{"id":2811,"date":"2022-11-14T10:30:01","date_gmt":"2022-11-14T08:30:01","guid":{"rendered":"https:\/\/leading2030.eu\/registration\/"},"modified":"2024-05-24T11:06:05","modified_gmt":"2024-05-24T09:06:05","slug":"registration","status":"publish","type":"page","link":"https:\/\/leading2030.eu\/et\/registration\/","title":{"rendered":"Registreerimine"},"content":{"rendered":"<div class=\"learndash-wrap\">\n\t<div class=\"learndash-wrapper\">\n\n\t<div id=\"learndash-registration-wrapper\" >\n\n\t\n\t<p class=\"registration-login\">Kas sul on juba konto? <a class=\"registration-login-link\" href=\"\">Logi sisse\n<\/a><\/p><div class=\"registration-login-form\" style=\"display: none;\"><form name=\"loginform\" id=\"loginform\" action=\"https:\/\/leading2030.eu\/et\/wp-login.php\" method=\"post\"><input id=\"learndash-login-form\" type=\"hidden\" name=\"learndash-login-form\" value=\"e6128a6b70\" \/><p class=\"login-username\">\n\t\t\t\t<label for=\"user_login\">Kasutajanimi v\u00f5i e-postiaadress<\/label>\n\t\t\t\t<input type=\"text\" name=\"log\" id=\"user_login\" autocomplete=\"username\" class=\"input\" value=\"\" size=\"20\" \/>\n\t\t\t<\/p><p class=\"login-password\">\n\t\t\t\t<label for=\"user_pass\">Parool<\/label>\n\t\t\t\t<input type=\"password\" name=\"pwd\" id=\"user_pass\" autocomplete=\"current-password\" spellcheck=\"false\" class=\"input\" value=\"\" size=\"20\" \/>\n\t\t\t<\/p><p class=\"login-remember\"><label><input name=\"rememberme\" type=\"checkbox\" id=\"rememberme\" value=\"forever\" \/> J\u00e4ta mind meelde<\/label><\/p><p class=\"login-submit\">\n\t\t\t\t<input type=\"submit\" name=\"wp-submit\" id=\"wp-submit\" class=\"button button-primary\" value=\"Logi sisse\" \/>\n\t\t\t\t<input type=\"hidden\" name=\"redirect_to\" value=\"https:\/\/leading2030.eu\/registration\/\" \/>\n\t\t\t<\/p><\/form><\/div><p class=\"show-password-reset-link\" style=\"display: none;\">Unustasid salas\u00f5na? <a href=\"https:\/\/leading2030.eu\/reset-password\/\">Click here to reset it.<\/a>\n<\/p><p class=\"show-register-form\" style=\"display: none;\"><a href=\"\">Show registration form<\/a><\/p>\t\t\t\t<form name=\"learndash_registerform\" id=\"learndash_registerform\" class=\"ldregister\" action=\"https:\/\/leading2030.eu\/et\/wp-login.php?action=register\" method=\"post\">\n\t\t\t\t<p class=\"learndash-registration-field learndash-registration-field-username learndash-required\"><label for=\"username\">Kasutajanimi\n <span class=\"learndash-required-field\">*<\/span><\/label>\n\t\t\t\t\t\t<input aria-required=&quot;true&quot; type=\"text\" id=\"username\" name=\"user_login\" value=\"\" \/><\/p><p class=\"learndash-registration-field learndash-registration-field-email learndash-required\"><label for=\"email\">E-post\n <span class=\"learndash-required-field\">*<\/span><\/label>\n\t\t\t\t\t\t<input aria-required=&quot;true&quot; type=\"text\" id=\"email\" name=\"user_email\" value=\"\" \/><\/p><p class=\"learndash-registration-field learndash-registration-field-first_name learndash-required\"><label for=\"first_name\">Eesnimi\n <span class=\"learndash-required-field\">*<\/span><\/label>\n\t\t\t\t\t\t<input aria-required=&quot;true&quot; type=\"text\" id=\"first_name\" name=\"first_name\" value=\"\" \/><\/p><p class=\"learndash-registration-field learndash-registration-field-last_name learndash-required\"><label for=\"last_name\">Perekonnanimi\n <span class=\"learndash-required-field\">*<\/span><\/label>\n\t\t\t\t\t\t<input aria-required=&quot;true&quot; type=\"text\" id=\"last_name\" name=\"last_name\" value=\"\" \/><\/p><p class=\"learndash-registration-field learndash-registration-field-password learndash-required\"><label for=\"password\">Parool\n <span class=\"learndash-required-field\">*<\/span><\/label>\n\t\t\t\t\t\t<input aria-required=&quot;true&quot; type=\"password\" id=\"password\" name=\"password\" value=\"\" \/><\/p><p class=\"learndash-registration-field learndash-registration-field-confirmpassword learndash-required\"><label for=\"confirm_password\">Kinnita salas\u00f5na\n <span class=\"learndash-required-field\">*<\/span><\/label><input aria-required=&quot;true&quot; type=\"password\" id=\"confirm_password\" name=\"confirm_password\" \/><\/p>\t<div id=\"acf-form-data\" class=\"acf-hidden\">\n\t\t<input type=\"hidden\" id=\"_acf_screen\" name=\"_acf_screen\" value=\"user\"\/><input type=\"hidden\" id=\"_acf_post_id\" name=\"_acf_post_id\" value=\"user_0\"\/><input type=\"hidden\" id=\"_acf_validation\" name=\"_acf_validation\" value=\"0\"\/><input type=\"hidden\" id=\"_acf_nonce\" name=\"_acf_nonce\" value=\"ec90380c8a\"\/><input type=\"hidden\" id=\"_acf_changed\" name=\"_acf_changed\" value=\"0\"\/>\t<\/div>\n\t<h2>User Fields<\/h2><div class=\"acf-user-register-fields acf-fields -clear\"><div class=\"acf-field acf-field-country acf-field-63722e70c035f is-required\" data-name=\"user_country\" data-type=\"country\" data-key=\"field_63722e70c035f\" data-required=\"1\">\n<div class=\"acf-label\">\n<label for=\"acf-field_63722e70c035f\">Country <span class=\"acf-required\">*<\/span><\/label><\/div>\n<div class=\"acf-input\">\n<input type=\"hidden\" id=\"acf-field_63722e70c035f-input\" name=\"acf[field_63722e70c035f]\"\/><select id=\"acf-field_63722e70c035f\" class=\"\" name=\"acf[field_63722e70c035f]\" data-ui=\"1\" data-ajax=\"0\" data-multiple=\"0\" data-placeholder=\"Select a country\" data-allow_null=\"0\"><option value=\"AF\">Afganistan<\/option><option value=\"AX\">Ahvenamaa<\/option><option value=\"AL\">Albaania<\/option><option value=\"DZ\">Al\u017eeeria<\/option><option value=\"AS\">Ameerika Samoa<\/option><option value=\"US\">Ameerika \u00dchendriigid<\/option><option value=\"AD\">Andorra<\/option><option value=\"AO\">Angola<\/option><option value=\"AI\">Anguilla<\/option><option value=\"AQ\">Antarktika<\/option><option value=\"AG\">Antigua ja Barbuda<\/option><option value=\"AE\">Araabia \u00dchendemiraadid<\/option><option value=\"AR\">Argentina<\/option><option value=\"AM\">Armeenia<\/option><option value=\"AW\">Aruba<\/option><option value=\"AC\">Ascensioni saar<\/option><option value=\"AZ\">Aserbaid\u017eaan<\/option><option value=\"AU\">Austraalia<\/option><option value=\"AT\">Austria<\/option><option value=\"BS\">Bahama<\/option><option value=\"BH\">Bahrein<\/option><option value=\"BD\">Bangladesh<\/option><option value=\"BB\">Barbados<\/option><option value=\"PW\">Belau<\/option><option value=\"BE\">Belgia<\/option><option value=\"BZ\">Belize<\/option><option value=\"BJ\">Benin<\/option><option value=\"BM\">Bermuda<\/option><option value=\"BT\">Bhutan<\/option><option value=\"BO\">Boliivia<\/option><option value=\"BA\">Bosnia ja Hertsegoviina<\/option><option value=\"BW\">Botswana<\/option><option value=\"BR\">Brasiilia<\/option><option value=\"IO\">Briti India ookeani ala<\/option><option value=\"VG\">Briti Neitsisaared<\/option><option value=\"BN\">Brunei<\/option><option value=\"BG\">Bulgaaria<\/option><option value=\"BF\">Burkina Faso<\/option><option value=\"BI\">Burundi<\/option><option value=\"EA\">Ceuta ja Melilla<\/option><option value=\"CO\">Colombia<\/option><option value=\"CK\">Cooki saared<\/option><option value=\"CR\">Costa Rica<\/option><option value=\"CI\">C\u00f4te d\u2019Ivoire<\/option><option value=\"CW\">Cura\u00e7ao<\/option><option value=\"DG\">Diego Garcia<\/option><option value=\"DJ\">Djibouti<\/option><option value=\"DM\">Dominica<\/option><option value=\"DO\">Dominikaani Vabariik<\/option><option value=\"EC\">Ecuador<\/option><option value=\"EE\">Eesti<\/option><option value=\"EG\">Egiptus<\/option><option value=\"GQ\">Ekvatoriaal-Guinea<\/option><option value=\"SV\">El Salvador<\/option><option value=\"ER\">Eritrea<\/option><option value=\"ET\">Etioopia<\/option><option value=\"FK\">Falklandi saared<\/option><option value=\"FJ\">Fid\u017ei<\/option><option value=\"PH\">Filipiinid<\/option><option value=\"FO\">F\u00e4\u00e4ri saared<\/option><option value=\"GA\">Gabon<\/option><option value=\"GM\">Gambia<\/option><option value=\"GH\">Ghana<\/option><option value=\"GI\">Gibraltar<\/option><option value=\"GD\">Grenada<\/option><option value=\"GE\">Gruusia<\/option><option value=\"GL\">Gr\u00f6\u00f6nimaa<\/option><option value=\"GP\">Guadeloupe<\/option><option value=\"GU\">Guam<\/option><option value=\"GT\">Guatemala<\/option><option value=\"GG\">Guernsey<\/option><option value=\"GN\">Guinea<\/option><option value=\"GW\">Guinea-Bissau<\/option><option value=\"GY\">Guyana<\/option><option value=\"HT\">Haiti<\/option><option value=\"CN\">Hiina<\/option><option value=\"ES\">Hispaania<\/option><option value=\"NL\">Holland<\/option><option value=\"BQ\">Hollandi Kariibi mere saared<\/option><option value=\"HN\">Honduras<\/option><option value=\"HK\">Hongkongi erihalduspiirkond<\/option><option value=\"HR\">Horvaatia<\/option><option value=\"TL\">Ida-Timor<\/option><option value=\"IE\">Iirimaa<\/option><option value=\"IL\">Iisrael<\/option><option value=\"IN\">India<\/option><option value=\"ID\">Indoneesia<\/option><option value=\"IQ\">Iraak<\/option><option value=\"IR\">Iraan<\/option><option value=\"IS\">Island<\/option><option value=\"IT\">Itaalia<\/option><option value=\"JP\">Jaapan<\/option><option value=\"JM\">Jamaica<\/option><option value=\"YE\">Jeemen<\/option><option value=\"JE\">Jersey<\/option><option value=\"JO\">Jordaania<\/option><option value=\"CX\">J\u00f5ulusaar<\/option><option value=\"KY\">Kaimanisaared<\/option><option value=\"KH\">Kambod\u017ea<\/option><option value=\"CM\">Kamerun<\/option><option value=\"IC\">Kanaari saared<\/option><option value=\"CA\">Kanada<\/option><option value=\"KZ\">Kasahstan<\/option><option value=\"QA\">Katar<\/option><option value=\"KE\">Keenia<\/option><option value=\"CF\">Kesk-Aafrika Vabariik<\/option><option value=\"KI\">Kiribati<\/option><option value=\"KM\">Komoorid<\/option><option value=\"CD\">Kongo DV<\/option><option value=\"CG\">Kongo Vabariik<\/option><option value=\"CC\">Kookossaared<\/option><option value=\"XK\">Kosovo<\/option><option value=\"GR\">Kreeka<\/option><option value=\"CU\">Kuuba<\/option><option value=\"KW\">Kuveit<\/option><option value=\"KG\">K\u00f5rg\u00f5zstan<\/option><option value=\"CY\">K\u00fcpros<\/option><option value=\"LA\">Laos<\/option><option value=\"LT\">Leedu<\/option><option value=\"LS\">Lesotho<\/option><option value=\"LR\">Libeeria<\/option><option value=\"LI\">Liechtenstein<\/option><option value=\"LB\">Liibanon<\/option><option value=\"LY\">Liib\u00fca<\/option><option value=\"LU\">Luksemburg<\/option><option value=\"ZA\">L\u00f5una-Aafrika Vabariik<\/option><option value=\"GS\">L\u00f5una-Georgia ja L\u00f5una-Sandwichi saared<\/option><option value=\"KR\">L\u00f5una-Korea<\/option><option value=\"SS\">L\u00f5una-Sudaan<\/option><option value=\"LV\">L\u00e4ti<\/option><option value=\"EH\">L\u00e4\u00e4ne-Sahara<\/option><option value=\"MO\">Macau erihalduspiirkond<\/option><option value=\"MG\">Madagaskar<\/option><option value=\"MY\">Malaisia<\/option><option value=\"MW\">Malawi<\/option><option value=\"MV\">Maldiivid<\/option><option value=\"ML\">Mali<\/option><option value=\"MT\">Malta<\/option><option value=\"IM\">Mani saar<\/option><option value=\"MA\">Maroko<\/option><option value=\"MH\">Marshalli Saared<\/option><option value=\"MQ\">Martinique<\/option><option value=\"MR\">Mauritaania<\/option><option value=\"MU\">Mauritius<\/option><option value=\"YT\">Mayotte<\/option><option value=\"MX\">Mehhiko<\/option><option value=\"FM\">Mikroneesia<\/option><option value=\"MD\">Moldova<\/option><option value=\"MC\">Monaco<\/option><option value=\"MN\">Mongoolia<\/option><option value=\"ME\">Montenegro<\/option><option value=\"MS\">Montserrat<\/option><option value=\"MZ\">Mosambiik<\/option><option value=\"MM\">Myanmar (Birma)<\/option><option value=\"NA\">Namiibia<\/option><option value=\"NR\">Nauru<\/option><option value=\"NP\">Nepal<\/option><option value=\"NI\">Nicaragua<\/option><option value=\"NG\">Nigeeria<\/option><option value=\"NE\">Niger<\/option><option value=\"NU\">Niue<\/option><option value=\"NF\">Norfolk<\/option><option value=\"NO\">Norra<\/option><option value=\"OM\">Omaan<\/option><option value=\"PG\">Paapua Uus-Guinea<\/option><option value=\"PK\">Pakistan<\/option><option value=\"PS\">Palestiina alad<\/option><option value=\"PA\">Panama<\/option><option value=\"PY\">Paraguay<\/option><option value=\"PE\">Peruu<\/option><option value=\"PN\">Pitcairni saared<\/option><option value=\"PL\">Poola<\/option><option value=\"PT\">Portugal<\/option><option value=\"GF\">Prantsuse Guajaana<\/option><option value=\"TF\">Prantsuse L\u00f5unaalad<\/option><option value=\"PF\">Prantsuse Pol\u00fcneesia<\/option><option value=\"FR\">Prantsusmaa<\/option><option value=\"XA\">pseudo-aktsent<\/option><option value=\"XB\">pseudo-Bidi<\/option><option value=\"PR\">Puerto Rico<\/option><option value=\"KP\">P\u00f5hja-Korea<\/option><option value=\"MK\">P\u00f5hja-Makedoonia<\/option><option value=\"MP\">P\u00f5hja-Mariaanid<\/option><option value=\"RE\">R\u00e9union<\/option><option value=\"CV\">Roheneemesaared<\/option><option value=\"SE\">Rootsi<\/option><option value=\"RO\">Rumeenia<\/option><option value=\"RW\">Rwanda<\/option><option value=\"SB\">Saalomoni Saared<\/option><option value=\"SH\">Saint Helena<\/option><option value=\"KN\">Saint Kitts ja Nevis<\/option><option value=\"LC\">Saint Lucia<\/option><option value=\"VC\">Saint Vincent ja Grenadiinid<\/option><option value=\"BL\">Saint-Barth\u00e9lemy<\/option><option value=\"MF\">Saint-Martin<\/option><option value=\"PM\">Saint-Pierre ja Miquelon<\/option><option value=\"DE\">Saksamaa<\/option><option value=\"ZM\">Sambia<\/option><option value=\"WS\">Samoa<\/option><option value=\"SM\">San Marino<\/option><option value=\"ST\">S\u00e3o Tom\u00e9 ja Pr\u00edncipe<\/option><option value=\"SA\">Saudi Araabia<\/option><option value=\"SC\">Sei\u0161ellid<\/option><option value=\"SN\">Senegal<\/option><option value=\"RS\">Serbia<\/option><option value=\"SL\">Sierra Leone<\/option><option value=\"SG\">Singapur<\/option><option value=\"SX\">Sint Maarten<\/option><option value=\"SK\">Slovakkia<\/option><option value=\"SI\">Sloveenia<\/option><option value=\"SO\">Somaalia<\/option><option value=\"FI\">Soome<\/option><option value=\"LK\">Sri Lanka<\/option><option value=\"SD\">Sudaan<\/option><option value=\"SR\">Suriname<\/option><option value=\"GB\">Suurbritannia<\/option><option value=\"SZ\">Svaasimaa<\/option><option value=\"SJ\">Svalbard ja Jan Mayen<\/option><option value=\"SY\">S\u00fc\u00fcria<\/option><option value=\"CH\">\u0160veits<\/option><option value=\"ZW\">Zimbabwe<\/option><option value=\"DK\">Taani<\/option><option value=\"TJ\">Tad\u017eikistan<\/option><option value=\"TH\">Tai<\/option><option value=\"TW\">Taiwan<\/option><option value=\"TZ\">Tansaania<\/option><option value=\"TG\">Togo<\/option><option value=\"TK\">Tokelau<\/option><option value=\"TO\">Tonga<\/option><option value=\"TT\">Trinidad ja Tobago<\/option><option value=\"TA\">Tristan da Cunha<\/option><option value=\"TD\">T\u0161aad<\/option><option value=\"CZ\">T\u0161ehhi<\/option><option value=\"CL\">T\u0161iili<\/option><option value=\"TN\">Tuneesia<\/option><option value=\"TC\">Turks ja Caicos<\/option><option value=\"TV\">Tuvalu<\/option><option value=\"TR\">T\u00fcrgi<\/option><option value=\"TM\">T\u00fcrkmenistan<\/option><option value=\"UG\">Uganda<\/option><option value=\"UA\">Ukraina<\/option><option value=\"HU\">Ungari<\/option><option value=\"UY\">Uruguay<\/option><option value=\"VI\">USA Neitsisaared<\/option><option value=\"UZ\">Usbekistan<\/option><option value=\"NC\">Uus-Kaledoonia<\/option><option value=\"NZ\">Uus-Meremaa<\/option><option value=\"BY\">Valgevene<\/option><option value=\"VU\">Vanuatu<\/option><option value=\"VA\">Vatikan<\/option><option value=\"RU\">Venemaa<\/option><option value=\"VE\">Venezuela<\/option><option value=\"VN\">Vietnam<\/option><option value=\"WF\">Wallis ja Futuna<\/option><option value=\"UM\">\u00dchendriikide hajasaared<\/option><\/select><\/div>\n<\/div>\n<\/div>\t\t\t\t<input name=\"ld_register_id\" value=\"0\" type=\"hidden\" \/>\n\t\t\t\t<input type=\"hidden\" name=\"learndash-registration-form\" value=\"2163d683b0\" \/>\n\t\t\t\t<input type=\"hidden\" name=\"redirect_to\" value=\"https:\/\/leading2030.eu\/et\/registration\/?ld-registered=true&#038;ld_register_id=0\" \/>\n\t\t\t\t<p><input type=\"submit\" name=\"wp-submit\" id=\"wp-submit\" class=\"button button-primary button-large\" value=\"Registreeri\n\" \/><\/p>\n\t\t\t<\/form>\n\t\t\t\t<\/div><\/div><\/div>","protected":false},"excerpt":{"rendered":"","protected":false},"author":1,"featured_media":0,"parent":0,"menu_order":0,"comment_status":"closed","ping_status":"closed","template":"","meta":{"_acf_changed":false,"footnotes":""},"class_list":["post-2811","page","type-page","status-publish","hentry"],"acf":[],"_links":{"self":[{"href":"https:\/\/leading2030.eu\/et\/wp-json\/wp\/v2\/pages\/2811","targetHints":{"allow":["GET"]}}],"collection":[{"href":"https:\/\/leading2030.eu\/et\/wp-json\/wp\/v2\/pages"}],"about":[{"href":"https:\/\/leading2030.eu\/et\/wp-json\/wp\/v2\/types\/page"}],"author":[{"embeddable":true,"href":"https:\/\/leading2030.eu\/et\/wp-json\/wp\/v2\/users\/1"}],"replies":[{"embeddable":true,"href":"https:\/\/leading2030.eu\/et\/wp-json\/wp\/v2\/comments?post=2811"}],"version-history":[{"count":1,"href":"https:\/\/leading2030.eu\/et\/wp-json\/wp\/v2\/pages\/2811\/revisions"}],"predecessor-version":[{"id":3023,"href":"https:\/\/leading2030.eu\/et\/wp-json\/wp\/v2\/pages\/2811\/revisions\/3023"}],"wp:attachment":[{"href":"https:\/\/leading2030.eu\/et\/wp-json\/wp\/v2\/media?parent=2811"}],"curies":[{"name":"wp","href":"https:\/\/api.w.org\/{rel}","templated":true}]}}