{"id":2814,"date":"2022-11-14T10:30:01","date_gmt":"2022-11-14T08:30:01","guid":{"rendered":"https:\/\/leading2030.eu\/registration\/"},"modified":"2024-05-24T11:12:09","modified_gmt":"2024-05-24T09:12:09","slug":"registration","status":"publish","type":"page","link":"https:\/\/leading2030.eu\/pt-pt\/registration\/","title":{"rendered":"Registo"},"content":{"rendered":"<div class=\"learndash-wrap\">\n\t<div class=\"learndash-wrapper\">\n\n\t<div id=\"learndash-registration-wrapper\" >\n\n\t\n\t<p class=\"registration-login\">J\u00e1 tem uma conta? <a class=\"registration-login-link\" href=\"\">Log in\n<\/a><\/p><div class=\"registration-login-form\" style=\"display: none;\"><form name=\"loginform\" id=\"loginform\" action=\"https:\/\/leading2030.eu\/pt-pt\/wp-login.php\" method=\"post\"><input id=\"learndash-login-form\" type=\"hidden\" name=\"learndash-login-form\" value=\"e6128a6b70\" \/><p class=\"login-username\">\n\t\t\t\t<label for=\"user_login\">Nome de utilizador ou endere\u00e7o de email<\/label>\n\t\t\t\t<input type=\"text\" name=\"log\" id=\"user_login\" autocomplete=\"username\" class=\"input\" value=\"\" size=\"20\" \/>\n\t\t\t<\/p><p class=\"login-password\">\n\t\t\t\t<label for=\"user_pass\">Senha<\/label>\n\t\t\t\t<input type=\"password\" name=\"pwd\" id=\"user_pass\" autocomplete=\"current-password\" spellcheck=\"false\" class=\"input\" value=\"\" size=\"20\" \/>\n\t\t\t<\/p><p class=\"login-remember\"><label><input name=\"rememberme\" type=\"checkbox\" id=\"rememberme\" value=\"forever\" \/> Manter sess\u00e3o<\/label><\/p><p class=\"login-submit\">\n\t\t\t\t<input type=\"submit\" name=\"wp-submit\" id=\"wp-submit\" class=\"button button-primary\" value=\"Iniciar sess\u00e3o\" \/>\n\t\t\t\t<input type=\"hidden\" name=\"redirect_to\" value=\"https:\/\/leading2030.eu\/registration\/\" \/>\n\t\t\t<\/p><\/form><\/div><p class=\"show-password-reset-link\" style=\"display: none;\">Esqueceu a sua password? <a href=\"https:\/\/leading2030.eu\/reset-password\/\">Click here to reset it.<\/a><\/p><p class=\"show-register-form\" style=\"display: none;\"><a href=\"\">Show registration form<\/a><\/p>\t\t\t\t<form name=\"learndash_registerform\" id=\"learndash_registerform\" class=\"ldregister\" action=\"https:\/\/leading2030.eu\/pt-pt\/wp-login.php?action=register\" method=\"post\">\n\t\t\t\t<p class=\"learndash-registration-field learndash-registration-field-username learndash-required\"><label for=\"username\">Username\n <span class=\"learndash-required-field\">*<\/span><\/label>\n\t\t\t\t\t\t<input aria-required=&quot;true&quot; type=\"text\" id=\"username\" name=\"user_login\" value=\"\" \/><\/p><p class=\"learndash-registration-field learndash-registration-field-email learndash-required\"><label for=\"email\">Mail\n <span class=\"learndash-required-field\">*<\/span><\/label>\n\t\t\t\t\t\t<input aria-required=&quot;true&quot; type=\"text\" id=\"email\" name=\"user_email\" value=\"\" \/><\/p><p class=\"learndash-registration-field learndash-registration-field-first_name learndash-required\"><label for=\"first_name\">Nome\n <span class=\"learndash-required-field\">*<\/span><\/label>\n\t\t\t\t\t\t<input aria-required=&quot;true&quot; type=\"text\" id=\"first_name\" name=\"first_name\" value=\"\" \/><\/p><p class=\"learndash-registration-field learndash-registration-field-last_name learndash-required\"><label for=\"last_name\">Sobrenome\n <span class=\"learndash-required-field\">*<\/span><\/label>\n\t\t\t\t\t\t<input aria-required=&quot;true&quot; type=\"text\" id=\"last_name\" name=\"last_name\" value=\"\" \/><\/p><p class=\"learndash-registration-field learndash-registration-field-password learndash-required\"><label for=\"password\">Password\n <span class=\"learndash-required-field\">*<\/span><\/label>\n\t\t\t\t\t\t<input aria-required=&quot;true&quot; type=\"password\" id=\"password\" name=\"password\" value=\"\" \/><\/p><p class=\"learndash-registration-field learndash-registration-field-confirmpassword learndash-required\"><label for=\"confirm_password\">Confirme a password\n <span class=\"learndash-required-field\">*<\/span><\/label><input aria-required=&quot;true&quot; type=\"password\" id=\"confirm_password\" name=\"confirm_password\" \/><\/p>\t<div id=\"acf-form-data\" class=\"acf-hidden\">\n\t\t<input type=\"hidden\" id=\"_acf_screen\" name=\"_acf_screen\" value=\"user\"\/><input type=\"hidden\" id=\"_acf_post_id\" name=\"_acf_post_id\" value=\"user_0\"\/><input type=\"hidden\" id=\"_acf_validation\" name=\"_acf_validation\" value=\"0\"\/><input type=\"hidden\" id=\"_acf_nonce\" name=\"_acf_nonce\" value=\"ec90380c8a\"\/><input type=\"hidden\" id=\"_acf_changed\" name=\"_acf_changed\" value=\"0\"\/>\t<\/div>\n\t<h2>User Fields<\/h2><div class=\"acf-user-register-fields acf-fields -clear\"><div class=\"acf-field acf-field-country acf-field-63722e70c035f is-required\" data-name=\"user_country\" data-type=\"country\" data-key=\"field_63722e70c035f\" data-required=\"1\">\n<div class=\"acf-label\">\n<label for=\"acf-field_63722e70c035f\">Country <span class=\"acf-required\">*<\/span><\/label><\/div>\n<div class=\"acf-input\">\n<input type=\"hidden\" id=\"acf-field_63722e70c035f-input\" name=\"acf[field_63722e70c035f]\"\/><select id=\"acf-field_63722e70c035f\" class=\"\" name=\"acf[field_63722e70c035f]\" data-ui=\"1\" data-ajax=\"0\" data-multiple=\"0\" data-placeholder=\"Select a country\" data-allow_null=\"0\"><option value=\"AF\">Afeganist\u00e3o<\/option><option value=\"ZA\">\u00c1frica do Sul<\/option><option value=\"AX\">Alanda<\/option><option value=\"AL\">Alb\u00e2nia<\/option><option value=\"DE\">Alemanha<\/option><option value=\"AD\">Andorra<\/option><option value=\"AO\">Angola<\/option><option value=\"AI\">Anguila<\/option><option value=\"AQ\">Ant\u00e1rtida<\/option><option value=\"AG\">Ant\u00edgua e Barbuda<\/option><option value=\"SA\">Ar\u00e1bia Saudita<\/option><option value=\"DZ\">Arg\u00e9lia<\/option><option value=\"AR\">Argentina<\/option><option value=\"AM\">Arm\u00e9nia<\/option><option value=\"AW\">Aruba<\/option><option value=\"AU\">Austr\u00e1lia<\/option><option value=\"AT\">\u00c1ustria<\/option><option value=\"AZ\">Azerbaij\u00e3o<\/option><option value=\"BS\">Baamas<\/option><option value=\"BD\">Bangladeche<\/option><option value=\"BB\">Barbados<\/option><option value=\"BH\">Bar\u00e9m<\/option><option value=\"BE\">B\u00e9lgica<\/option><option value=\"BZ\">Belize<\/option><option value=\"BJ\">Benim<\/option><option value=\"BM\">Bermudas<\/option><option value=\"BY\">Bielorr\u00fassia<\/option><option value=\"BO\">Bol\u00edvia<\/option><option value=\"BA\">B\u00f3snia e Herzegovina<\/option><option value=\"BW\">Botsuana<\/option><option value=\"BR\">Brasil<\/option><option value=\"BN\">Brunei<\/option><option value=\"BG\">Bulg\u00e1ria<\/option><option value=\"BF\">Burquina Faso<\/option><option value=\"BI\">Burundi<\/option><option value=\"BT\">But\u00e3o<\/option><option value=\"CV\">Cabo Verde<\/option><option value=\"CM\">Camar\u00f5es<\/option><option value=\"KH\">Camboja<\/option><option value=\"CA\">Canad\u00e1<\/option><option value=\"QA\">Catar<\/option><option value=\"KZ\">Cazaquist\u00e3o<\/option><option value=\"EA\">Ceuta e Melilha<\/option><option value=\"TD\">Chade<\/option><option value=\"CZ\">Ch\u00e9quia<\/option><option value=\"CL\">Chile<\/option><option value=\"CN\">China<\/option><option value=\"CY\">Chipre<\/option><option value=\"VA\">Cidade do Vaticano<\/option><option value=\"CO\">Col\u00f4mbia<\/option><option value=\"KM\">Comores<\/option><option value=\"CG\">Congo-Brazzaville<\/option><option value=\"CD\">Congo-Kinshasa<\/option><option value=\"KP\">Coreia do Norte<\/option><option value=\"KR\">Coreia do Sul<\/option><option value=\"CR\">Costa Rica<\/option><option value=\"CI\">C\u00f4te d\u2019Ivoire (Costa do Marfim)<\/option><option value=\"HR\">Cro\u00e1cia<\/option><option value=\"CU\">Cuba<\/option><option value=\"CW\">Cura\u00e7au<\/option><option value=\"DG\">Diego Garcia<\/option><option value=\"DK\">Dinamarca<\/option><option value=\"DM\">Dom\u00ednica<\/option><option value=\"EG\">Egito<\/option><option value=\"AE\">Emirados \u00c1rabes Unidos<\/option><option value=\"EC\">Equador<\/option><option value=\"ER\">Eritreia<\/option><option value=\"SK\">Eslov\u00e1quia<\/option><option value=\"SI\">Eslov\u00e9nia<\/option><option value=\"ES\">Espanha<\/option><option value=\"SZ\">Essuat\u00edni<\/option><option value=\"US\">Estados Unidos<\/option><option value=\"EE\">Est\u00f3nia<\/option><option value=\"ET\">Eti\u00f3pia<\/option><option value=\"FJ\">Fiji<\/option><option value=\"PH\">Filipinas<\/option><option value=\"FI\">Finl\u00e2ndia<\/option><option value=\"FR\">Fran\u00e7a<\/option><option value=\"GA\">Gab\u00e3o<\/option><option value=\"GM\">G\u00e2mbia<\/option><option value=\"GH\">Gana<\/option><option value=\"GE\">Ge\u00f3rgia<\/option><option value=\"GI\">Gibraltar<\/option><option value=\"GD\">Granada<\/option><option value=\"GR\">Gr\u00e9cia<\/option><option value=\"GL\">Gronel\u00e2ndia<\/option><option value=\"GP\">Guadalupe<\/option><option value=\"GU\">Guame<\/option><option value=\"GT\">Guatemala<\/option><option value=\"GG\">Guernesey<\/option><option value=\"GY\">Guiana<\/option><option value=\"GF\">Guiana Francesa<\/option><option value=\"GN\">Guin\u00e9<\/option><option value=\"GQ\">Guin\u00e9 Equatorial<\/option><option value=\"GW\">Guin\u00e9-Bissau<\/option><option value=\"HT\">Haiti<\/option><option value=\"HN\">Honduras<\/option><option value=\"HK\">Hong Kong, RAE da China<\/option><option value=\"HU\">Hungria<\/option><option value=\"YE\">I\u00e9men<\/option><option value=\"AC\">Ilha de Ascens\u00e3o<\/option><option value=\"IM\">Ilha de Man<\/option><option value=\"CX\">Ilha do Natal<\/option><option value=\"NF\">Ilha Norfolk<\/option><option value=\"KY\">Ilhas Caim\u00e3o<\/option><option value=\"IC\">Ilhas Can\u00e1rias<\/option><option value=\"CK\">Ilhas Cook<\/option><option value=\"CC\">Ilhas dos Cocos (Keeling)<\/option><option value=\"FO\">Ilhas Faro\u00e9<\/option><option value=\"GS\">Ilhas Ge\u00f3rgia do Sul e Sandwich do Sul<\/option><option value=\"FK\">Ilhas Malvinas (Falkland)<\/option><option value=\"MP\">Ilhas Marianas do Norte<\/option><option value=\"MH\">Ilhas Marshall<\/option><option value=\"UM\">Ilhas Menores Afastadas dos EUA<\/option><option value=\"PN\">Ilhas Pitcairn<\/option><option value=\"SB\">Ilhas Salom\u00e3o<\/option><option value=\"TC\">Ilhas Turcas e Caicos<\/option><option value=\"VG\">Ilhas Virgens Brit\u00e2nicas<\/option><option value=\"VI\">Ilhas Virgens dos EUA<\/option><option value=\"IN\">\u00cdndia<\/option><option value=\"ID\">Indon\u00e9sia<\/option><option value=\"IR\">Ir\u00e3o<\/option><option value=\"IQ\">Iraque<\/option><option value=\"IE\">Irlanda<\/option><option value=\"IS\">Isl\u00e2ndia<\/option><option value=\"IL\">Israel<\/option><option value=\"IT\">It\u00e1lia<\/option><option value=\"JM\">Jamaica<\/option><option value=\"JP\">Jap\u00e3o<\/option><option value=\"JE\">Jersey<\/option><option value=\"DJ\">Jibuti<\/option><option value=\"JO\">Jord\u00e2nia<\/option><option value=\"XK\">Kosovo<\/option><option value=\"KW\">Koweit<\/option><option value=\"LA\">Laos<\/option><option value=\"LS\">Lesoto<\/option><option value=\"LV\">Let\u00f3nia<\/option><option value=\"LB\">L\u00edbano<\/option><option value=\"LR\">Lib\u00e9ria<\/option><option value=\"LY\">L\u00edbia<\/option><option value=\"LI\">Listenstaine<\/option><option value=\"LT\">Litu\u00e2nia<\/option><option value=\"LU\">Luxemburgo<\/option><option value=\"MO\">Macau, RAE da China<\/option><option value=\"MK\">Maced\u00f3nia<\/option><option value=\"MG\">Madag\u00e1scar<\/option><option value=\"YT\">Maiote<\/option><option value=\"MY\">Mal\u00e1sia<\/option><option value=\"MW\">Mal\u00e1ui<\/option><option value=\"MV\">Maldivas<\/option><option value=\"ML\">Mali<\/option><option value=\"MT\">Malta<\/option><option value=\"MA\">Marrocos<\/option><option value=\"MQ\">Martinica<\/option><option value=\"MU\">Maur\u00edcia<\/option><option value=\"MR\">Maurit\u00e2nia<\/option><option value=\"MX\">M\u00e9xico<\/option><option value=\"MM\">Mianmar (Birm\u00e2nia)<\/option><option value=\"FM\">Micron\u00e9sia<\/option><option value=\"MZ\">Mo\u00e7ambique<\/option><option value=\"MD\">Mold\u00e1via<\/option><option value=\"MC\">M\u00f3naco<\/option><option value=\"MN\">Mong\u00f3lia<\/option><option value=\"MS\">Monserrate<\/option><option value=\"ME\">Montenegro<\/option><option value=\"NA\">Nam\u00edbia<\/option><option value=\"NR\">Nauru<\/option><option value=\"NP\">Nepal<\/option><option value=\"NI\">Nicar\u00e1gua<\/option><option value=\"NE\">N\u00edger<\/option><option value=\"NG\">Nig\u00e9ria<\/option><option value=\"NU\">Niu\u00ea<\/option><option value=\"NO\">Noruega<\/option><option value=\"NC\">Nova Caled\u00f3nia<\/option><option value=\"NZ\">Nova Zel\u00e2ndia<\/option><option value=\"OM\">Om\u00e3<\/option><option value=\"NL\">Pa\u00edses Baixos<\/option><option value=\"BQ\">Pa\u00edses Baixos Caribenhos<\/option><option value=\"PW\">Palau<\/option><option value=\"PA\">Panam\u00e1<\/option><option value=\"PG\">Papua-Nova Guin\u00e9<\/option><option value=\"PK\">Paquist\u00e3o<\/option><option value=\"PY\">Paraguai<\/option><option value=\"PE\">Peru<\/option><option value=\"PF\">Polin\u00e9sia Francesa<\/option><option value=\"PL\">Pol\u00f3nia<\/option><option value=\"PR\">Porto Rico<\/option><option value=\"PT\">Portugal<\/option><option value=\"XB\">Pseudobidi<\/option><option value=\"XA\">Pseudossotaques<\/option><option value=\"KE\">Qu\u00e9nia<\/option><option value=\"KG\">Quirguist\u00e3o<\/option><option value=\"KI\">Quirib\u00e1ti<\/option><option value=\"GB\">Reino Unido<\/option><option value=\"CF\">Rep\u00fablica Centro-Africana<\/option><option value=\"DO\">Rep\u00fablica Dominicana<\/option><option value=\"RE\">Reuni\u00e3o<\/option><option value=\"RO\">Rom\u00e9nia<\/option><option value=\"RW\">Ruanda<\/option><option value=\"RU\">R\u00fassia<\/option><option value=\"SV\">Salvador<\/option><option value=\"WS\">Samoa<\/option><option value=\"AS\">Samoa Americana<\/option><option value=\"SH\">Santa Helena<\/option><option value=\"LC\">Santa L\u00facia<\/option><option value=\"BL\">S\u00e3o Bartolomeu<\/option><option value=\"KN\">S\u00e3o Crist\u00f3v\u00e3o e Neves<\/option><option value=\"SM\">S\u00e3o Marinho<\/option><option value=\"MF\">S\u00e3o Martinho<\/option><option value=\"SX\">S\u00e3o Martinho (Sint Maarten)<\/option><option value=\"PM\">S\u00e3o Pedro e Miquel\u00e3o<\/option><option value=\"ST\">S\u00e3o Tom\u00e9 e Pr\u00edncipe<\/option><option value=\"VC\">S\u00e3o Vicente e Granadinas<\/option><option value=\"EH\">Sara Ocidental<\/option><option value=\"SC\">Seicheles<\/option><option value=\"SN\">Senegal<\/option><option value=\"SL\">Serra Leoa<\/option><option value=\"RS\">S\u00e9rvia<\/option><option value=\"SG\">Singapura<\/option><option value=\"SY\">S\u00edria<\/option><option value=\"SO\">Som\u00e1lia<\/option><option value=\"LK\">Sri Lanca<\/option><option value=\"SD\">Sud\u00e3o<\/option><option value=\"SS\">Sud\u00e3o do Sul<\/option><option value=\"SE\">Su\u00e9cia<\/option><option value=\"CH\">Su\u00ed\u00e7a<\/option><option value=\"SR\">Suriname<\/option><option value=\"SJ\">Svalbard e Jan Mayen<\/option><option value=\"TH\">Tail\u00e2ndia<\/option><option value=\"TW\">Taiwan<\/option><option value=\"TJ\">Tajiquist\u00e3o<\/option><option value=\"TZ\">Tanz\u00e2nia<\/option><option value=\"IO\">Territ\u00f3rio Brit\u00e2nico do Oceano \u00cdndico<\/option><option value=\"TF\">Territ\u00f3rios Franceses do Sul<\/option><option value=\"PS\">Territ\u00f3rios palestinianos<\/option><option value=\"TL\">Timor-Leste<\/option><option value=\"TG\">Togo<\/option><option value=\"TO\">Tonga<\/option><option value=\"TK\">Toquelau<\/option><option value=\"TT\">Trindade e Tobago<\/option><option value=\"TA\">Trist\u00e3o da Cunha<\/option><option value=\"TN\">Tun\u00edsia<\/option><option value=\"TM\">Turquemenist\u00e3o<\/option><option value=\"TR\">Turquia<\/option><option value=\"TV\">Tuvalu<\/option><option value=\"UA\">Ucr\u00e2nia<\/option><option value=\"UG\">Uganda<\/option><option value=\"UY\">Uruguai<\/option><option value=\"UZ\">Usbequist\u00e3o<\/option><option value=\"VU\">Vanuatu<\/option><option value=\"VE\">Venezuela<\/option><option value=\"VN\">Vietname<\/option><option value=\"WF\">Wallis e Futuna<\/option><option value=\"ZM\">Z\u00e2mbia<\/option><option value=\"ZW\">Zimbabu\u00e9<\/option><\/select><\/div>\n<\/div>\n<\/div>\t\t\t\t<input name=\"ld_register_id\" value=\"0\" type=\"hidden\" \/>\n\t\t\t\t<input type=\"hidden\" name=\"learndash-registration-form\" value=\"2163d683b0\" \/>\n\t\t\t\t<input type=\"hidden\" name=\"redirect_to\" value=\"https:\/\/leading2030.eu\/pt-pt\/registration\/?ld-registered=true&#038;ld_register_id=0\" \/>\n\t\t\t\t<p><input type=\"submit\" name=\"wp-submit\" id=\"wp-submit\" class=\"button button-primary button-large\" value=\"Registe-se\n\" \/><\/p>\n\t\t\t<\/form>\n\t\t\t\t<\/div><\/div><\/div>","protected":false},"excerpt":{"rendered":"","protected":false},"author":1,"featured_media":0,"parent":0,"menu_order":0,"comment_status":"closed","ping_status":"closed","template":"","meta":{"_acf_changed":false,"footnotes":""},"class_list":["post-2814","page","type-page","status-publish","hentry"],"acf":[],"_links":{"self":[{"href":"https:\/\/leading2030.eu\/pt-pt\/wp-json\/wp\/v2\/pages\/2814","targetHints":{"allow":["GET"]}}],"collection":[{"href":"https:\/\/leading2030.eu\/pt-pt\/wp-json\/wp\/v2\/pages"}],"about":[{"href":"https:\/\/leading2030.eu\/pt-pt\/wp-json\/wp\/v2\/types\/page"}],"author":[{"embeddable":true,"href":"https:\/\/leading2030.eu\/pt-pt\/wp-json\/wp\/v2\/users\/1"}],"replies":[{"embeddable":true,"href":"https:\/\/leading2030.eu\/pt-pt\/wp-json\/wp\/v2\/comments?post=2814"}],"version-history":[{"count":2,"href":"https:\/\/leading2030.eu\/pt-pt\/wp-json\/wp\/v2\/pages\/2814\/revisions"}],"predecessor-version":[{"id":3032,"href":"https:\/\/leading2030.eu\/pt-pt\/wp-json\/wp\/v2\/pages\/2814\/revisions\/3032"}],"wp:attachment":[{"href":"https:\/\/leading2030.eu\/pt-pt\/wp-json\/wp\/v2\/media?parent=2814"}],"curies":[{"name":"wp","href":"https:\/\/api.w.org\/{rel}","templated":true}]}}